{"id":2307,"date":"2023-08-17T08:40:33","date_gmt":"2023-08-17T08:40:33","guid":{"rendered":"https:\/\/syzygy-studio.pl\/?page_id=2307"},"modified":"2023-11-21T14:19:18","modified_gmt":"2023-11-21T14:19:18","slug":"o-nas","status":"publish","type":"page","link":"https:\/\/syzygy-studio.pl\/index.php\/o-nas\/","title":{"rendered":"O NAS"},"content":{"rendered":"\t\t<div data-elementor-type=\"wp-page\" data-elementor-id=\"2307\" class=\"elementor elementor-2307\">\n\t\t\t\t\t\t<section class=\"elementor-section elementor-top-section elementor-element elementor-element-2cc4a22 elementor-section-content-middle elementor-section-boxed elementor-section-height-default elementor-section-height-default\" data-id=\"2cc4a22\" data-element_type=\"section\" data-e-type=\"section\">\n\t\t\t\t\t\t<div class=\"elementor-container elementor-column-gap-no\">\n\t\t\t\t\t<div class=\"elementor-column elementor-col-33 elementor-top-column elementor-element elementor-element-25663c3 animated-slow elementor-invisible\" data-id=\"25663c3\" data-element_type=\"column\" data-e-type=\"column\" data-settings=\"{&quot;animation&quot;:&quot;fadeIn&quot;,&quot;animation_delay&quot;:500}\">\n\t\t\t<div class=\"elementor-widget-wrap elementor-element-populated\">\n\t\t\t\t\t\t<div class=\"elementor-element elementor-element-0b97ea1 elementor-widget elementor-widget-image\" data-id=\"0b97ea1\" data-element_type=\"widget\" data-e-type=\"widget\" data-widget_type=\"image.default\">\n\t\t\t\t<div class=\"elementor-widget-container\">\n\t\t\t\t\t\t\t\t\t\t\t\t\t\t\t<img decoding=\"async\" width=\"150\" height=\"150\" src=\"https:\/\/syzygy-studio.pl\/wp-content\/uploads\/2023\/09\/S-150x150.png\" class=\"attachment-thumbnail size-thumbnail wp-image-3002\" alt=\"\" srcset=\"https:\/\/syzygy-studio.pl\/wp-content\/uploads\/2023\/09\/S-150x150.png 150w, https:\/\/syzygy-studio.pl\/wp-content\/uploads\/2023\/09\/S-300x300.png 300w, https:\/\/syzygy-studio.pl\/wp-content\/uploads\/2023\/09\/S.png 500w\" sizes=\"(max-width: 150px) 100vw, 150px\" \/>\t\t\t\t\t\t\t\t\t\t\t\t\t\t\t<\/div>\n\t\t\t\t<\/div>\n\t\t\t\t<div class=\"elementor-element elementor-element-71d3ad8 elementor-hidden-mobile elementor-hidden-desktop elementor-hidden-tablet elementor-widget elementor-widget-heading\" data-id=\"71d3ad8\" data-element_type=\"widget\" data-e-type=\"widget\" data-widget_type=\"heading.default\">\n\t\t\t\t<div class=\"elementor-widget-container\">\n\t\t\t\t\t<h1 class=\"elementor-heading-title elementor-size-default\">SPACE<\/h1>\t\t\t\t<\/div>\n\t\t\t\t<\/div>\n\t\t\t\t<div class=\"elementor-element elementor-element-ba4ac4e elementor-widget elementor-widget-text-editor\" data-id=\"ba4ac4e\" data-element_type=\"widget\" data-e-type=\"widget\" data-widget_type=\"text-editor.default\">\n\t\t\t\t<div class=\"elementor-widget-container\">\n\t\t\t\t\t\t\t\t\t<h5 style=\"text-align: left;\"><span style=\"font-size: 10pt; font-family: uni-sans-regular;\"><b>&#8220;S&#8221; to SPACE \/ PRZESTRZE\u0143<\/b>, poj\u0119cie o wielu znaczeniach,&nbsp; przenikaj\u0105ce abstrakcyjne sfery, eksploruj\u0105ce nie tylko fizyczne aspekty, ale r\u00f3wnie\u017c subtelne elementy, takie jak atmosfera, nastr\u00f3j czy aspekty ideowe i spo\u0142eczne. Przestrze\u0144 w architekturze uciele\u015bnia kompleksowo\u015b\u0107, gdzie nie tylko funkcjonalno\u015b\u0107 i estetyka id\u0105 w parze, ale przede wszystkim gdzie uwzgl\u0119dnienie potrzeb u\u017cytkownik\u00f3w, tkwi\u0105ce w kontek\u015bcie kulturowym i spo\u0142ecznym, tworzy \u015brodowisko harmonijne, bezpieczne i ekologicznie zr\u00f3wnowa\u017cone.<\/span><\/h5>\t\t\t\t\t\t\t\t<\/div>\n\t\t\t\t<\/div>\n\t\t\t\t\t<\/div>\n\t\t<\/div>\n\t\t\t\t<div class=\"elementor-column elementor-col-33 elementor-top-column elementor-element elementor-element-b2049b8 animated-slow elementor-invisible\" data-id=\"b2049b8\" data-element_type=\"column\" data-e-type=\"column\" data-settings=\"{&quot;animation&quot;:&quot;fadeIn&quot;,&quot;animation_delay&quot;:1000}\">\n\t\t\t<div class=\"elementor-widget-wrap elementor-element-populated\">\n\t\t\t\t\t\t<div class=\"elementor-element elementor-element-a4da413 elementor-widget elementor-widget-image\" data-id=\"a4da413\" data-element_type=\"widget\" data-e-type=\"widget\" data-widget_type=\"image.default\">\n\t\t\t\t<div class=\"elementor-widget-container\">\n\t\t\t\t\t\t\t\t\t\t\t\t\t\t\t<img decoding=\"async\" width=\"150\" height=\"150\" src=\"https:\/\/syzygy-studio.pl\/wp-content\/uploads\/2023\/09\/Z-150x150.png\" class=\"attachment-thumbnail size-thumbnail wp-image-3003\" alt=\"\" srcset=\"https:\/\/syzygy-studio.pl\/wp-content\/uploads\/2023\/09\/Z-150x150.png 150w, https:\/\/syzygy-studio.pl\/wp-content\/uploads\/2023\/09\/Z-300x300.png 300w, https:\/\/syzygy-studio.pl\/wp-content\/uploads\/2023\/09\/Z.png 500w\" sizes=\"(max-width: 150px) 100vw, 150px\" \/>\t\t\t\t\t\t\t\t\t\t\t\t\t\t\t<\/div>\n\t\t\t\t<\/div>\n\t\t\t\t<div class=\"elementor-element elementor-element-f3181dc elementor-hidden-mobile elementor-hidden-desktop elementor-hidden-tablet elementor-widget elementor-widget-heading\" data-id=\"f3181dc\" data-element_type=\"widget\" data-e-type=\"widget\" data-widget_type=\"heading.default\">\n\t\t\t\t<div class=\"elementor-widget-container\">\n\t\t\t\t\t<h1 class=\"elementor-heading-title elementor-size-default\">ZEITGEIST<\/h1>\t\t\t\t<\/div>\n\t\t\t\t<\/div>\n\t\t\t\t<div class=\"elementor-element elementor-element-ef82bad elementor-widget elementor-widget-text-editor\" data-id=\"ef82bad\" data-element_type=\"widget\" data-e-type=\"widget\" data-widget_type=\"text-editor.default\">\n\t\t\t\t<div class=\"elementor-widget-container\">\n\t\t\t\t\t\t\t\t\t<h5><span style=\"font-size: 10pt;\"><strong><span lang=\"pl-PL\">&#8220;Z&#8221;<\/span><span lang=\"pl-PL\"> to <\/span><span lang=\"pl-PL\">ZEITGEIST<\/span><\/strong><span lang=\"pl-PL\">,<\/span><span lang=\"pl-PL\"> ods\u0142ania przed nami ducha czasu, b\u0119d\u0105cym subtelnym odzwierciedleniem panuj\u0105cych trend\u00f3w, ewoluuj\u0105cych warto\u015bci, styl\u00f3w \u017cycia, oraz zmieniaj\u0105cych si\u0119 wzorc\u00f3w kulturowych i spo\u0142ecznych. <\/span><span lang=\"pl-PL\">T<\/span><span lang=\"pl-PL\">o klucz do stworzenia projekt\u00f3w, kt\u00f3re nie tylko spe\u0142niaj\u0105 funkcjonalne wymagania, ale tak\u017ce harmonijnie wsp\u00f3\u0142graj\u0105 z wymaganiami naszej epoki.\u00a0<\/span>Zeitgeist to zrozumienie obecnego kontekstu, to zdolno\u015b\u0107 tworzenia przestrzeni odpowiednich na ka\u017cd\u0105 epok\u0119, odpowiednich dla cz\u0142owieka w ka\u017cdym czasie.<\/span><\/h5>\t\t\t\t\t\t\t\t<\/div>\n\t\t\t\t<\/div>\n\t\t\t\t\t<\/div>\n\t\t<\/div>\n\t\t\t\t<div class=\"elementor-column elementor-col-33 elementor-top-column elementor-element elementor-element-7fdae25 animated-slow elementor-invisible\" data-id=\"7fdae25\" data-element_type=\"column\" data-e-type=\"column\" data-settings=\"{&quot;animation&quot;:&quot;fadeIn&quot;,&quot;animation_delay&quot;:1500}\">\n\t\t\t<div class=\"elementor-widget-wrap elementor-element-populated\">\n\t\t\t\t\t\t<div class=\"elementor-element elementor-element-0fa54bf elementor-widget elementor-widget-image\" data-id=\"0fa54bf\" data-element_type=\"widget\" data-e-type=\"widget\" data-widget_type=\"image.default\">\n\t\t\t\t<div class=\"elementor-widget-container\">\n\t\t\t\t\t\t\t\t\t\t\t\t\t\t\t<img decoding=\"async\" width=\"150\" height=\"150\" src=\"https:\/\/syzygy-studio.pl\/wp-content\/uploads\/2023\/09\/G-150x150.png\" class=\"attachment-thumbnail size-thumbnail wp-image-3001\" alt=\"\" srcset=\"https:\/\/syzygy-studio.pl\/wp-content\/uploads\/2023\/09\/G-150x150.png 150w, https:\/\/syzygy-studio.pl\/wp-content\/uploads\/2023\/09\/G-300x300.png 300w, https:\/\/syzygy-studio.pl\/wp-content\/uploads\/2023\/09\/G.png 500w\" sizes=\"(max-width: 150px) 100vw, 150px\" \/>\t\t\t\t\t\t\t\t\t\t\t\t\t\t\t<\/div>\n\t\t\t\t<\/div>\n\t\t\t\t<div class=\"elementor-element elementor-element-7a1d421 elementor-hidden-mobile elementor-hidden-desktop elementor-hidden-tablet elementor-widget elementor-widget-heading\" data-id=\"7a1d421\" data-element_type=\"widget\" data-e-type=\"widget\" data-widget_type=\"heading.default\">\n\t\t\t\t<div class=\"elementor-widget-container\">\n\t\t\t\t\t<h1 class=\"elementor-heading-title elementor-size-default\">GEOMETRY<\/h1>\t\t\t\t<\/div>\n\t\t\t\t<\/div>\n\t\t\t\t<div class=\"elementor-element elementor-element-4d26f0f elementor-widget elementor-widget-text-editor\" data-id=\"4d26f0f\" data-element_type=\"widget\" data-e-type=\"widget\" data-widget_type=\"text-editor.default\">\n\t\t\t\t<div class=\"elementor-widget-container\">\n\t\t\t\t\t\t\t\t\t<h5><span style=\"font-size: 10pt;\">&#8220;<b>G&#8221; to GEOMETRY \/ GEOMETRIA<\/b>, gdzie odkrywamy nauk\u0119 o kszta\u0142tach, proporcjach i subtelnych relacjach w przestrzeni tr\u00f3jwymiarowej. Geometria stanowi fundament projektowania i budowy wszystkiego co nas otacza, wp\u0142ywaj\u0105c zarazem na percepcj\u0119 estetyki i funkcjonalno\u015bci. To nie tylko narz\u0119dzie techniczne, ale przede wszystkim \u015brodek wyrazu. To sztuka rze\u017abienia przestrzeni, gdzie abstrakcyjne formy splataj\u0105 si\u0119 z realnymi funkcjonalno\u015bciami. To szukanie harmonii oraz doskona\u0142ej r\u00f3wnowagi mi\u0119dzy form\u0105 a funkcj\u0105.<\/span><\/h5>\t\t\t\t\t\t\t\t<\/div>\n\t\t\t\t<\/div>\n\t\t\t\t\t<\/div>\n\t\t<\/div>\n\t\t\t\t\t<\/div>\n\t\t<\/section>\n\t\t\t\t<section class=\"elementor-section elementor-top-section elementor-element elementor-element-19d2e39 animated-slow elementor-section-boxed elementor-section-height-default elementor-section-height-default elementor-invisible\" data-id=\"19d2e39\" data-element_type=\"section\" data-e-type=\"section\" data-settings=\"{&quot;animation&quot;:&quot;fadeIn&quot;,&quot;animation_delay&quot;:2500}\">\n\t\t\t\t\t\t<div class=\"elementor-container elementor-column-gap-default\">\n\t\t\t\t\t<div class=\"elementor-column elementor-col-100 elementor-top-column elementor-element elementor-element-22aaa65\" data-id=\"22aaa65\" data-element_type=\"column\" data-e-type=\"column\">\n\t\t\t<div class=\"elementor-widget-wrap elementor-element-populated\">\n\t\t\t\t\t\t<div class=\"elementor-element elementor-element-3556117 animated-slow elementor-widget elementor-widget-image\" data-id=\"3556117\" data-element_type=\"widget\" data-e-type=\"widget\" data-settings=\"{&quot;_animation&quot;:&quot;none&quot;,&quot;_animation_delay&quot;:0}\" data-widget_type=\"image.default\">\n\t\t\t\t<div class=\"elementor-widget-container\">\n\t\t\t\t\t\t\t\t\t\t\t\t\t\t\t<img loading=\"lazy\" decoding=\"async\" width=\"300\" height=\"93\" src=\"https:\/\/syzygy-studio.pl\/wp-content\/uploads\/2023\/11\/SYZYGY-MEDIUM-300x93.jpg\" class=\"attachment-medium size-medium wp-image-4105\" alt=\"\" srcset=\"https:\/\/syzygy-studio.pl\/wp-content\/uploads\/2023\/11\/SYZYGY-MEDIUM-300x93.jpg 300w, https:\/\/syzygy-studio.pl\/wp-content\/uploads\/2023\/11\/SYZYGY-MEDIUM.jpg 482w\" sizes=\"(max-width: 300px) 100vw, 300px\" \/>\t\t\t\t\t\t\t\t\t\t\t\t\t\t\t<\/div>\n\t\t\t\t<\/div>\n\t\t\t\t<div class=\"elementor-element elementor-element-a525aa8 elementor-widget elementor-widget-text-editor\" data-id=\"a525aa8\" data-element_type=\"widget\" data-e-type=\"widget\" data-widget_type=\"text-editor.default\">\n\t\t\t\t<div class=\"elementor-widget-container\">\n\t\t\t\t\t\t\t\t\t<h4><span style=\"font-size: 10pt; font-family: uni-sans-regular;\"><b>SYZYGY <\/b>(<b>SYZYGIA<\/b> po polsku) to termin wywodz\u0105cy si\u0119 z astronomii i odnosi si\u0119 do specyficznego uk\u0142adu pozycji trzech cia\u0142 niebieskich na linii prostej. W kontek\u015bcie astronomii, syzygia wyst\u0119puje, gdy S\u0142o\u0144ce, Ziemia i Ksi\u0119\u017cyc (lub inne cia\u0142a niebieskie) znajduj\u0105 si\u0119 w jednej linii. Najbardziej znanym przypadkiem syzygii jest za\u0107mienie S\u0142o\u0144ca lub Ksi\u0119\u017cyca.<\/span><\/h4><h4>\u00a0<\/h4><h4><span style=\"font-size: 10pt; color: var(--ast-global-color-2); font-style: inherit;\">W architekturze, termin <\/span><b style=\"font-size: 10pt; color: var(--ast-global-color-2); font-style: inherit;\">SYZYGIA<\/b><span style=\"font-size: 10pt; color: var(--ast-global-color-2); font-style: inherit;\">\u00a0semantycznie przenosi to samo znaczenie metaforyczne.\u00a0<\/span><\/h4><h4><b style=\"font-size: 10pt; color: var(--ast-global-color-2); font-style: inherit;\">SYZYGIA<\/b><span style=\"font-size: 10pt; color: var(--ast-global-color-2); font-style: inherit;\"> t<\/span><span style=\"font-size: 10pt;\">o manifestacja doskona\u0142o\u015bci wsp\u00f3\u0142dzia\u0142ania element\u00f3w w tworzeniu kompleksowej i zintegrowanej przestrzeni.<\/span><\/h4><h4><b style=\"font-size: 10pt; color: var(--ast-global-color-2); font-style: inherit;\">SYZYGIA<\/b><span style=\"font-size: 10pt; color: var(--ast-global-color-2); font-style: inherit;\">\u00a0<\/span><span style=\"font-size: 10pt;\">to zrozumienie \u017ce ka\u017cdy sk\u0142adnik projektu harmonijnie wsp\u00f3\u0142gra z innymi, tworz\u0105c nierozerwaln\u0105 ca\u0142o\u015b\u0107.<\/span><\/h4><h4><b style=\"font-size: 10pt; color: var(--ast-global-color-2); font-style: inherit;\">SYZYGIA<\/b><span style=\"font-size: 10pt; color: var(--ast-global-color-2); font-style: inherit;\">\u00a0<\/span><span style=\"font-size: 10pt;\">to sp\u00f3jno\u015b\u0107 projektu, jego integralno\u015b\u0107 z otoczeniem oraz trosk\u0119 o zr\u00f3wnowa\u017cony rozw\u00f3j.\u00a0<\/span><\/h4><h4 lang=\"pl-PL\"><span style=\"color: #000000; font-size: 10pt;\">\u00a0<\/span><\/h4><h4 lang=\"pl-PL\"><span style=\"color: #000000; font-size: 10pt;\"><b>SYZYGY-STUDIO\u00a0<\/b>to miejsce, gdzie architektura staje si\u0119 sztuk\u0105 tworzenia przestrzeni, kt\u00f3re odzwierciedlaj\u0105 potrzeby, warto\u015bci i ducha naszych klient\u00f3w oraz naszego czasu.\u00a0<\/span><\/h4><h4>\u00a0<\/h4><h4>\u00a0<\/h4><h4>\u00a0<\/h4><h4>\u00a0<\/h4>\t\t\t\t\t\t\t\t<\/div>\n\t\t\t\t<\/div>\n\t\t\t\t\t<\/div>\n\t\t<\/div>\n\t\t\t\t\t<\/div>\n\t\t<\/section>\n\t\t\t\t<\/div>\n\t\t","protected":false},"excerpt":{"rendered":"<p>SPACE &#8220;S&#8221; to SPACE \/ PRZESTRZE\u0143, poj\u0119cie o wielu znaczeniach,&nbsp; przenikaj\u0105ce abstrakcyjne sfery, eksploruj\u0105ce nie tylko fizyczne aspekty, ale r\u00f3wnie\u017c subtelne elementy, takie jak atmosfera, nastr\u00f3j czy aspekty ideowe i spo\u0142eczne. Przestrze\u0144 w architekturze uciele\u015bnia kompleksowo\u015b\u0107, gdzie nie tylko funkcjonalno\u015b\u0107 i estetyka id\u0105 w parze, ale przede wszystkim gdzie uwzgl\u0119dnienie potrzeb u\u017cytkownik\u00f3w, tkwi\u0105ce w kontek\u015bcie [&hellip;]<\/p>\n","protected":false},"author":1,"featured_media":0,"parent":0,"menu_order":0,"comment_status":"closed","ping_status":"closed","template":"","meta":{"site-sidebar-layout":"no-sidebar","site-content-layout":"page-builder","ast-site-content-layout":"default","site-content-style":"default","site-sidebar-style":"default","ast-global-header-display":"","ast-banner-title-visibility":"","ast-main-header-display":"","ast-hfb-above-header-display":"","ast-hfb-below-header-display":"","ast-hfb-mobile-header-display":"","site-post-title":"disabled","ast-breadcrumbs-content":"","ast-featured-img":"disabled","footer-sml-layout":"","ast-disable-related-posts":"","theme-transparent-header-meta":"","adv-header-id-meta":"","stick-header-meta":"","header-above-stick-meta":"","header-main-stick-meta":"","header-below-stick-meta":"","astra-migrate-meta-layouts":"set","ast-page-background-enabled":"default","ast-page-background-meta":{"desktop":{"background-color":"var(--ast-global-color-4)","background-image":"","background-repeat":"repeat","background-position":"center center","background-size":"auto","background-attachment":"scroll","background-type":"","background-media":"","overlay-type":"","overlay-color":"","overlay-opacity":"","overlay-gradient":""},"tablet":{"background-color":"","background-image":"","background-repeat":"repeat","background-position":"center center","background-size":"auto","background-attachment":"scroll","background-type":"","background-media":"","overlay-type":"","overlay-color":"","overlay-opacity":"","overlay-gradient":""},"mobile":{"background-color":"","background-image":"","background-repeat":"repeat","background-position":"center center","background-size":"auto","background-attachment":"scroll","background-type":"","background-media":"","overlay-type":"","overlay-color":"","overlay-opacity":"","overlay-gradient":""}},"ast-content-background-meta":{"desktop":{"background-color":"var(--ast-global-color-5)","background-image":"","background-repeat":"repeat","background-position":"center center","background-size":"auto","background-attachment":"scroll","background-type":"","background-media":"","overlay-type":"","overlay-color":"","overlay-opacity":"","overlay-gradient":""},"tablet":{"background-color":"var(--ast-global-color-5)","background-image":"","background-repeat":"repeat","background-position":"center center","background-size":"auto","background-attachment":"scroll","background-type":"","background-media":"","overlay-type":"","overlay-color":"","overlay-opacity":"","overlay-gradient":""},"mobile":{"background-color":"var(--ast-global-color-5)","background-image":"","background-repeat":"repeat","background-position":"center center","background-size":"auto","background-attachment":"scroll","background-type":"","background-media":"","overlay-type":"","overlay-color":"","overlay-opacity":"","overlay-gradient":""}},"ngg_post_thumbnail":0,"footnotes":""},"class_list":["post-2307","page","type-page","status-publish","hentry"],"_links":{"self":[{"href":"https:\/\/syzygy-studio.pl\/index.php\/wp-json\/wp\/v2\/pages\/2307","targetHints":{"allow":["GET"]}}],"collection":[{"href":"https:\/\/syzygy-studio.pl\/index.php\/wp-json\/wp\/v2\/pages"}],"about":[{"href":"https:\/\/syzygy-studio.pl\/index.php\/wp-json\/wp\/v2\/types\/page"}],"author":[{"embeddable":true,"href":"https:\/\/syzygy-studio.pl\/index.php\/wp-json\/wp\/v2\/users\/1"}],"replies":[{"embeddable":true,"href":"https:\/\/syzygy-studio.pl\/index.php\/wp-json\/wp\/v2\/comments?post=2307"}],"version-history":[{"count":0,"href":"https:\/\/syzygy-studio.pl\/index.php\/wp-json\/wp\/v2\/pages\/2307\/revisions"}],"wp:attachment":[{"href":"https:\/\/syzygy-studio.pl\/index.php\/wp-json\/wp\/v2\/media?parent=2307"}],"curies":[{"name":"wp","href":"https:\/\/api.w.org\/{rel}","templated":true}]}}