{"id":4446,"date":"2023-11-20T14:15:07","date_gmt":"2023-11-20T14:15:07","guid":{"rendered":"https:\/\/syzygy-studio.pl\/?page_id=4446"},"modified":"2023-11-20T17:33:52","modified_gmt":"2023-11-20T17:33:52","slug":"techtonica","status":"publish","type":"page","link":"https:\/\/syzygy-studio.pl\/index.php\/techtonica\/","title":{"rendered":"TECHTONICA"},"content":{"rendered":"\t\t<div data-elementor-type=\"wp-page\" data-elementor-id=\"4446\" class=\"elementor elementor-4446\">\n\t\t\t\t\t\t<section class=\"elementor-section elementor-top-section elementor-element elementor-element-c3022c1 elementor-section-boxed elementor-section-height-default elementor-section-height-default\" data-id=\"c3022c1\" data-element_type=\"section\" data-e-type=\"section\">\n\t\t\t\t\t\t<div class=\"elementor-container elementor-column-gap-default\">\n\t\t\t\t\t<div class=\"elementor-column elementor-col-100 elementor-top-column elementor-element elementor-element-d71ecd4\" data-id=\"d71ecd4\" data-element_type=\"column\" data-e-type=\"column\">\n\t\t\t<div class=\"elementor-widget-wrap elementor-element-populated\">\n\t\t\t\t\t\t<div class=\"elementor-element elementor-element-fd5f31d elementor-widget__width-inherit elementor-widget elementor-widget-heading\" data-id=\"fd5f31d\" data-element_type=\"widget\" data-e-type=\"widget\" data-widget_type=\"heading.default\">\n\t\t\t\t<div class=\"elementor-widget-container\">\n\t\t\t\t\t<h2 class=\"elementor-heading-title elementor-size-default\">TECHTONICA<\/h2>\t\t\t\t<\/div>\n\t\t\t\t<\/div>\n\t\t\t\t\t<\/div>\n\t\t<\/div>\n\t\t\t\t\t<\/div>\n\t\t<\/section>\n\t\t\t\t<section class=\"elementor-section elementor-top-section elementor-element elementor-element-e797937 elementor-section-boxed elementor-section-height-default elementor-section-height-default\" data-id=\"e797937\" data-element_type=\"section\" data-e-type=\"section\">\n\t\t\t\t\t\t<div class=\"elementor-container elementor-column-gap-default\">\n\t\t\t\t\t<div class=\"elementor-column elementor-col-100 elementor-top-column elementor-element elementor-element-e64dd71\" data-id=\"e64dd71\" data-element_type=\"column\" data-e-type=\"column\">\n\t\t\t<div class=\"elementor-widget-wrap elementor-element-populated\">\n\t\t\t\t\t\t<div class=\"elementor-element elementor-element-292f645 elementor-widget elementor-widget-image-gallery\" data-id=\"292f645\" data-element_type=\"widget\" data-e-type=\"widget\" data-widget_type=\"image-gallery.default\">\n\t\t\t\t<div class=\"elementor-widget-container\">\n\t\t\t\t\t\t\t<div class=\"elementor-image-gallery\">\n\t\t\t<div id='gallery-1' class='gallery galleryid-4446 gallery-columns-3 gallery-size-2048x2048'><figure class='gallery-item'>\n\t\t\t<div class='gallery-icon landscape'>\n\t\t\t\t<a data-elementor-open-lightbox=\"yes\" data-elementor-lightbox-slideshow=\"292f645\" data-elementor-lightbox-title=\"TECHTONICA 1\" data-e-action-hash=\"#elementor-action%3Aaction%3Dlightbox%26settings%3DeyJpZCI6NDQ5OCwidXJsIjoiaHR0cHM6XC9cL3N5enlneS1zdHVkaW8ucGxcL3dwLWNvbnRlbnRcL3VwbG9hZHNcLzIwMjNcLzExXC9UVDEuanBnIiwic2xpZGVzaG93IjoiMjkyZjY0NSJ9\" href='https:\/\/syzygy-studio.pl\/wp-content\/uploads\/2023\/11\/TT1.jpg'><img fetchpriority=\"high\" decoding=\"async\" width=\"900\" height=\"900\" src=\"https:\/\/syzygy-studio.pl\/wp-content\/uploads\/2023\/11\/TT1.jpg\" class=\"attachment-2048x2048 size-2048x2048\" alt=\"\" srcset=\"https:\/\/syzygy-studio.pl\/wp-content\/uploads\/2023\/11\/TT1.jpg 900w, https:\/\/syzygy-studio.pl\/wp-content\/uploads\/2023\/11\/TT1-300x300.jpg 300w, https:\/\/syzygy-studio.pl\/wp-content\/uploads\/2023\/11\/TT1-150x150.jpg 150w, https:\/\/syzygy-studio.pl\/wp-content\/uploads\/2023\/11\/TT1-768x768.jpg 768w\" sizes=\"(max-width: 900px) 100vw, 900px\" \/><\/a>\n\t\t\t<\/div><\/figure><figure class='gallery-item'>\n\t\t\t<div class='gallery-icon landscape'>\n\t\t\t\t<a data-elementor-open-lightbox=\"yes\" data-elementor-lightbox-slideshow=\"292f645\" data-elementor-lightbox-title=\"TECHTONICA 2\" data-e-action-hash=\"#elementor-action%3Aaction%3Dlightbox%26settings%3DeyJpZCI6NDQ5OSwidXJsIjoiaHR0cHM6XC9cL3N5enlneS1zdHVkaW8ucGxcL3dwLWNvbnRlbnRcL3VwbG9hZHNcLzIwMjNcLzExXC9UVDIuanBnIiwic2xpZGVzaG93IjoiMjkyZjY0NSJ9\" href='https:\/\/syzygy-studio.pl\/wp-content\/uploads\/2023\/11\/TT2.jpg'><img decoding=\"async\" width=\"900\" height=\"900\" src=\"https:\/\/syzygy-studio.pl\/wp-content\/uploads\/2023\/11\/TT2.jpg\" class=\"attachment-2048x2048 size-2048x2048\" alt=\"\" srcset=\"https:\/\/syzygy-studio.pl\/wp-content\/uploads\/2023\/11\/TT2.jpg 900w, https:\/\/syzygy-studio.pl\/wp-content\/uploads\/2023\/11\/TT2-300x300.jpg 300w, https:\/\/syzygy-studio.pl\/wp-content\/uploads\/2023\/11\/TT2-150x150.jpg 150w, https:\/\/syzygy-studio.pl\/wp-content\/uploads\/2023\/11\/TT2-768x768.jpg 768w\" sizes=\"(max-width: 900px) 100vw, 900px\" \/><\/a>\n\t\t\t<\/div><\/figure><figure class='gallery-item'>\n\t\t\t<div class='gallery-icon landscape'>\n\t\t\t\t<a data-elementor-open-lightbox=\"yes\" data-elementor-lightbox-slideshow=\"292f645\" data-elementor-lightbox-title=\"TECHTONICA 3\" data-e-action-hash=\"#elementor-action%3Aaction%3Dlightbox%26settings%3DeyJpZCI6NDUwMCwidXJsIjoiaHR0cHM6XC9cL3N5enlneS1zdHVkaW8ucGxcL3dwLWNvbnRlbnRcL3VwbG9hZHNcLzIwMjNcLzExXC9UVDMuanBnIiwic2xpZGVzaG93IjoiMjkyZjY0NSJ9\" href='https:\/\/syzygy-studio.pl\/wp-content\/uploads\/2023\/11\/TT3.jpg'><img decoding=\"async\" width=\"900\" height=\"900\" src=\"https:\/\/syzygy-studio.pl\/wp-content\/uploads\/2023\/11\/TT3.jpg\" class=\"attachment-2048x2048 size-2048x2048\" alt=\"\" srcset=\"https:\/\/syzygy-studio.pl\/wp-content\/uploads\/2023\/11\/TT3.jpg 900w, https:\/\/syzygy-studio.pl\/wp-content\/uploads\/2023\/11\/TT3-300x300.jpg 300w, https:\/\/syzygy-studio.pl\/wp-content\/uploads\/2023\/11\/TT3-150x150.jpg 150w, https:\/\/syzygy-studio.pl\/wp-content\/uploads\/2023\/11\/TT3-768x768.jpg 768w\" sizes=\"(max-width: 900px) 100vw, 900px\" \/><\/a>\n\t\t\t<\/div><\/figure>\n\t\t<\/div>\n\t\t<\/div>\n\t\t\t\t\t\t<\/div>\n\t\t\t\t<\/div>\n\t\t\t\t\t<\/div>\n\t\t<\/div>\n\t\t\t\t\t<\/div>\n\t\t<\/section>\n\t\t\t\t<section class=\"elementor-section elementor-top-section elementor-element elementor-element-c36be85 elementor-section-boxed elementor-section-height-default elementor-section-height-default\" data-id=\"c36be85\" data-element_type=\"section\" data-e-type=\"section\">\n\t\t\t\t\t\t<div class=\"elementor-container elementor-column-gap-default\">\n\t\t\t\t\t<div class=\"elementor-column elementor-col-50 elementor-top-column elementor-element elementor-element-fd6dc49\" data-id=\"fd6dc49\" data-element_type=\"column\" data-e-type=\"column\">\n\t\t\t<div class=\"elementor-widget-wrap elementor-element-populated\">\n\t\t\t\t\t\t<div class=\"elementor-element elementor-element-21fb5c3 elementor-widget__width-initial elementor-widget elementor-widget-text-editor\" data-id=\"21fb5c3\" data-element_type=\"widget\" data-e-type=\"widget\" data-widget_type=\"text-editor.default\">\n\t\t\t\t<div class=\"elementor-widget-container\">\n\t\t\t\t\t\t\t\t\t<h5><span style=\"font-size: 10pt; font-family: uni-sans-regular;\">Autor : Piotr Cieplucha<\/span><\/h5><h5><span style=\"font-size: 10pt; font-family: uni-sans-regular;\">Kategoria : Grafika<\/span><\/h5><h5><span style=\"color: var(--ast-global-color-2); font-size: 10pt; font-style: inherit;\">Rok : 2022<\/span><\/h5>\t\t\t\t\t\t\t\t<\/div>\n\t\t\t\t<\/div>\n\t\t\t\t\t<\/div>\n\t\t<\/div>\n\t\t\t\t<div class=\"elementor-column elementor-col-50 elementor-top-column elementor-element elementor-element-49151d2\" data-id=\"49151d2\" data-element_type=\"column\" data-e-type=\"column\">\n\t\t\t<div class=\"elementor-widget-wrap elementor-element-populated\">\n\t\t\t\t\t\t<div class=\"elementor-element elementor-element-33ea4eb elementor-widget elementor-widget-text-editor\" data-id=\"33ea4eb\" data-element_type=\"widget\" data-e-type=\"widget\" data-widget_type=\"text-editor.default\">\n\t\t\t\t<div class=\"elementor-widget-container\">\n\t\t\t\t\t\t\t\t\t<h5><span style=\"color: #000000; font-family: uni-sans-regular; font-size: 10pt;\">Seria grafik &#8220;TECHTONICA\u201d to pr\u00f3ba stworzenia wizualnej narracji, kt\u00f3ra eksploruje z\u0142o\u017cone i subtelne relacje pomi\u0119dzy sztywnymi strukturami urbanistycznymi i architektonicznymi a natur\u0105. To ch\u0119\u0107 uwidocznienia abstrakcyjnych form powsta\u0142ych za pomoc\u0105 dynamicznych proces\u00f3w geologicznych w styczno\u015bci z zdyscyplinowan\u0105 geometri\u0105 otaczaj\u0105cego nas \u015bwiata.<\/span><\/h5>\n<h5>&nbsp;<\/h5>\t\t\t\t\t\t\t\t<\/div>\n\t\t\t\t<\/div>\n\t\t\t\t\t<\/div>\n\t\t<\/div>\n\t\t\t\t\t<\/div>\n\t\t<\/section>\n\t\t\t\t<\/div>\n\t\t","protected":false},"excerpt":{"rendered":"<p>TECHTONICA Autor : Piotr Cieplucha Kategoria : Grafika Rok : 2022 Seria grafik &#8220;TECHTONICA\u201d to pr\u00f3ba stworzenia wizualnej narracji, kt\u00f3ra eksploruje z\u0142o\u017cone i subtelne relacje pomi\u0119dzy sztywnymi strukturami urbanistycznymi i architektonicznymi a natur\u0105. To ch\u0119\u0107 uwidocznienia abstrakcyjnych form powsta\u0142ych za pomoc\u0105 dynamicznych proces\u00f3w geologicznych w styczno\u015bci z zdyscyplinowan\u0105 geometri\u0105 otaczaj\u0105cego nas \u015bwiata. &nbsp;<\/p>\n","protected":false},"author":1,"featured_media":0,"parent":0,"menu_order":0,"comment_status":"closed","ping_status":"closed","template":"","meta":{"site-sidebar-layout":"no-sidebar","site-content-layout":"page-builder","ast-site-content-layout":"full-width-container","site-content-style":"default","site-sidebar-style":"default","ast-global-header-display":"","ast-banner-title-visibility":"","ast-main-header-display":"","ast-hfb-above-header-display":"","ast-hfb-below-header-display":"","ast-hfb-mobile-header-display":"","site-post-title":"disabled","ast-breadcrumbs-content":"","ast-featured-img":"disabled","footer-sml-layout":"","ast-disable-related-posts":"","theme-transparent-header-meta":"","adv-header-id-meta":"","stick-header-meta":"","header-above-stick-meta":"","header-main-stick-meta":"","header-below-stick-meta":"","astra-migrate-meta-layouts":"set","ast-page-background-enabled":"default","ast-page-background-meta":{"desktop":{"background-color":"var(--ast-global-color-4)","background-image":"","background-repeat":"repeat","background-position":"center center","background-size":"auto","background-attachment":"scroll","background-type":"","background-media":"","overlay-type":"","overlay-color":"","overlay-opacity":"","overlay-gradient":""},"tablet":{"background-color":"","background-image":"","background-repeat":"repeat","background-position":"center center","background-size":"auto","background-attachment":"scroll","background-type":"","background-media":"","overlay-type":"","overlay-color":"","overlay-opacity":"","overlay-gradient":""},"mobile":{"background-color":"","background-image":"","background-repeat":"repeat","background-position":"center center","background-size":"auto","background-attachment":"scroll","background-type":"","background-media":"","overlay-type":"","overlay-color":"","overlay-opacity":"","overlay-gradient":""}},"ast-content-background-meta":{"desktop":{"background-color":"var(--ast-global-color-5)","background-image":"","background-repeat":"repeat","background-position":"center center","background-size":"auto","background-attachment":"scroll","background-type":"","background-media":"","overlay-type":"","overlay-color":"","overlay-opacity":"","overlay-gradient":""},"tablet":{"background-color":"var(--ast-global-color-5)","background-image":"","background-repeat":"repeat","background-position":"center center","background-size":"auto","background-attachment":"scroll","background-type":"","background-media":"","overlay-type":"","overlay-color":"","overlay-opacity":"","overlay-gradient":""},"mobile":{"background-color":"var(--ast-global-color-5)","background-image":"","background-repeat":"repeat","background-position":"center center","background-size":"auto","background-attachment":"scroll","background-type":"","background-media":"","overlay-type":"","overlay-color":"","overlay-opacity":"","overlay-gradient":""}},"ngg_post_thumbnail":0,"footnotes":""},"class_list":["post-4446","page","type-page","status-publish","hentry"],"_links":{"self":[{"href":"https:\/\/syzygy-studio.pl\/index.php\/wp-json\/wp\/v2\/pages\/4446","targetHints":{"allow":["GET"]}}],"collection":[{"href":"https:\/\/syzygy-studio.pl\/index.php\/wp-json\/wp\/v2\/pages"}],"about":[{"href":"https:\/\/syzygy-studio.pl\/index.php\/wp-json\/wp\/v2\/types\/page"}],"author":[{"embeddable":true,"href":"https:\/\/syzygy-studio.pl\/index.php\/wp-json\/wp\/v2\/users\/1"}],"replies":[{"embeddable":true,"href":"https:\/\/syzygy-studio.pl\/index.php\/wp-json\/wp\/v2\/comments?post=4446"}],"version-history":[{"count":0,"href":"https:\/\/syzygy-studio.pl\/index.php\/wp-json\/wp\/v2\/pages\/4446\/revisions"}],"wp:attachment":[{"href":"https:\/\/syzygy-studio.pl\/index.php\/wp-json\/wp\/v2\/media?parent=4446"}],"curies":[{"name":"wp","href":"https:\/\/api.w.org\/{rel}","templated":true}]}}