{"id":4557,"date":"2024-04-22T18:05:00","date_gmt":"2024-04-22T18:05:00","guid":{"rendered":"https:\/\/syzygy-studio.pl\/?page_id=4557"},"modified":"2024-04-22T18:29:33","modified_gmt":"2024-04-22T18:29:33","slug":"dom-zanurzony-w-lesie","status":"publish","type":"page","link":"https:\/\/syzygy-studio.pl\/index.php\/dom-zanurzony-w-lesie\/","title":{"rendered":"DOM ZANURZONY W LESIE"},"content":{"rendered":"\t\t<div data-elementor-type=\"wp-page\" data-elementor-id=\"4557\" class=\"elementor elementor-4557\">\n\t\t\t\t\t\t<section class=\"elementor-section elementor-top-section elementor-element elementor-element-c44cbd9 elementor-section-boxed elementor-section-height-default elementor-section-height-default\" data-id=\"c44cbd9\" data-element_type=\"section\" data-e-type=\"section\">\n\t\t\t\t\t\t<div class=\"elementor-container elementor-column-gap-default\">\n\t\t\t\t\t<div class=\"elementor-column elementor-col-100 elementor-top-column elementor-element elementor-element-1883cd3\" data-id=\"1883cd3\" data-element_type=\"column\" data-e-type=\"column\">\n\t\t\t<div class=\"elementor-widget-wrap elementor-element-populated\">\n\t\t\t\t\t\t<div class=\"elementor-element elementor-element-fd5b224 elementor-widget__width-inherit elementor-widget elementor-widget-heading\" data-id=\"fd5b224\" data-element_type=\"widget\" data-e-type=\"widget\" data-widget_type=\"heading.default\">\n\t\t\t\t<div class=\"elementor-widget-container\">\n\t\t\t\t\t<h2 class=\"elementor-heading-title elementor-size-default\">DOM ZANURZONY W LESIE<\/h2>\t\t\t\t<\/div>\n\t\t\t\t<\/div>\n\t\t\t\t\t<\/div>\n\t\t<\/div>\n\t\t\t\t\t<\/div>\n\t\t<\/section>\n\t\t\t\t<section class=\"elementor-section elementor-top-section elementor-element elementor-element-853d0bc elementor-section-boxed elementor-section-height-default elementor-section-height-default\" data-id=\"853d0bc\" data-element_type=\"section\" data-e-type=\"section\">\n\t\t\t\t\t\t<div class=\"elementor-container elementor-column-gap-default\">\n\t\t\t\t\t<div class=\"elementor-column elementor-col-100 elementor-top-column elementor-element elementor-element-21a9072\" data-id=\"21a9072\" data-element_type=\"column\" data-e-type=\"column\">\n\t\t\t<div class=\"elementor-widget-wrap elementor-element-populated\">\n\t\t\t\t\t\t<div class=\"elementor-element elementor-element-0305eb4 elementor-widget elementor-widget-image\" data-id=\"0305eb4\" data-element_type=\"widget\" data-e-type=\"widget\" data-widget_type=\"image.default\">\n\t\t\t\t<div class=\"elementor-widget-container\">\n\t\t\t\t\t\t\t\t\t\t\t\t\t\t\t<img fetchpriority=\"high\" decoding=\"async\" width=\"1600\" height=\"900\" src=\"https:\/\/syzygy-studio.pl\/wp-content\/uploads\/2024\/04\/Dom-zanurzony-w-lesie-4.jpg\" class=\"attachment-full size-full wp-image-4565\" alt=\"\" srcset=\"https:\/\/syzygy-studio.pl\/wp-content\/uploads\/2024\/04\/Dom-zanurzony-w-lesie-4.jpg 1600w, https:\/\/syzygy-studio.pl\/wp-content\/uploads\/2024\/04\/Dom-zanurzony-w-lesie-4-300x169.jpg 300w, https:\/\/syzygy-studio.pl\/wp-content\/uploads\/2024\/04\/Dom-zanurzony-w-lesie-4-1024x576.jpg 1024w, https:\/\/syzygy-studio.pl\/wp-content\/uploads\/2024\/04\/Dom-zanurzony-w-lesie-4-768x432.jpg 768w, https:\/\/syzygy-studio.pl\/wp-content\/uploads\/2024\/04\/Dom-zanurzony-w-lesie-4-1536x864.jpg 1536w\" sizes=\"(max-width: 1600px) 100vw, 1600px\" \/>\t\t\t\t\t\t\t\t\t\t\t\t\t\t\t<\/div>\n\t\t\t\t<\/div>\n\t\t\t\t\t<\/div>\n\t\t<\/div>\n\t\t\t\t\t<\/div>\n\t\t<\/section>\n\t\t\t\t<section class=\"elementor-section elementor-top-section elementor-element elementor-element-0cf9214 elementor-section-boxed elementor-section-height-default elementor-section-height-default\" data-id=\"0cf9214\" data-element_type=\"section\" data-e-type=\"section\">\n\t\t\t\t\t\t<div class=\"elementor-container elementor-column-gap-default\">\n\t\t\t\t\t<div class=\"elementor-column elementor-col-50 elementor-top-column elementor-element elementor-element-a781c22\" data-id=\"a781c22\" data-element_type=\"column\" data-e-type=\"column\">\n\t\t\t<div class=\"elementor-widget-wrap elementor-element-populated\">\n\t\t\t\t\t\t<div class=\"elementor-element elementor-element-b8e3ae2 elementor-widget elementor-widget-text-editor\" data-id=\"b8e3ae2\" data-element_type=\"widget\" data-e-type=\"widget\" data-widget_type=\"text-editor.default\">\n\t\t\t\t<div class=\"elementor-widget-container\">\n\t\t\t\t\t\t\t\t\t<h5><span style=\"font-size: 10pt; font-family: uni-sans-regular;\">Autor : Piotr Cieplucha<\/span><\/h5><h5><span style=\"font-size: 10pt; font-family: uni-sans-regular;\">Kategoria : Architektura\u00a0<\/span><\/h5><h5><span style=\"font-size: 10pt; font-family: uni-sans-regular;\">Inwestor : Prywatny<\/span><\/h5><h5><span style=\"font-size: 10pt; font-family: uni-sans-regular;\">Powierzchnia : 230m2<\/span><\/h5><h5><span style=\"font-size: 10pt; font-family: uni-sans-regular;\">Lokalizacja : \u0141\u00f3d\u017a<\/span><\/h5><h5><span style=\"font-size: 10pt; font-family: uni-sans-regular;\">Rok : 2021<\/span><\/h5>\t\t\t\t\t\t\t\t<\/div>\n\t\t\t\t<\/div>\n\t\t\t\t\t<\/div>\n\t\t<\/div>\n\t\t\t\t<div class=\"elementor-column elementor-col-50 elementor-top-column elementor-element elementor-element-f357a1d\" data-id=\"f357a1d\" data-element_type=\"column\" data-e-type=\"column\">\n\t\t\t<div class=\"elementor-widget-wrap elementor-element-populated\">\n\t\t\t\t\t\t<div class=\"elementor-element elementor-element-26f802d elementor-widget elementor-widget-text-editor\" data-id=\"26f802d\" data-element_type=\"widget\" data-e-type=\"widget\" data-widget_type=\"text-editor.default\">\n\t\t\t\t<div class=\"elementor-widget-container\">\n\t\t\t\t\t\t\t\t\t<h5><span style=\"font-family: uni-sans-regular;\">Pomys\u0142 na ten wyj\u0105tkowy dom zrodzi\u0142 si\u0119 z inspiracji otaczaj\u0105cego krajobrazu &#8211; g\u0119stego lasu, kt\u00f3rego pi\u0119kno i spok\u00f3j zawsze fascynowa\u0142y w\u0142a\u015bcicieli. Architekci <strong>SYZYGY-STUDIO<\/strong> postanowili stworzy\u0107 budynek, kt\u00f3ry nie tylko spe\u0142nia funkcjonalne potrzeby jego mieszka\u0144c\u00f3w, ale r\u00f3wnie\u017c, nie ingeruj\u0105c w otoczenie, stanie si\u0119 jego integraln\u0105 cz\u0119\u015bci\u0105.<\/span><\/h5>\t\t\t\t\t\t\t\t<\/div>\n\t\t\t\t<\/div>\n\t\t\t\t\t<\/div>\n\t\t<\/div>\n\t\t\t\t\t<\/div>\n\t\t<\/section>\n\t\t\t\t<section class=\"elementor-section elementor-top-section elementor-element elementor-element-6bbab5c elementor-section-boxed elementor-section-height-default elementor-section-height-default\" data-id=\"6bbab5c\" data-element_type=\"section\" data-e-type=\"section\">\n\t\t\t\t\t\t<div class=\"elementor-container elementor-column-gap-default\">\n\t\t\t\t\t<div class=\"elementor-column elementor-col-100 elementor-top-column elementor-element elementor-element-8c10115\" data-id=\"8c10115\" data-element_type=\"column\" data-e-type=\"column\">\n\t\t\t<div class=\"elementor-widget-wrap elementor-element-populated\">\n\t\t\t\t\t\t<div class=\"elementor-element elementor-element-ecee461 elementor-widget elementor-widget-image-gallery\" data-id=\"ecee461\" data-element_type=\"widget\" data-e-type=\"widget\" data-widget_type=\"image-gallery.default\">\n\t\t\t\t<div class=\"elementor-widget-container\">\n\t\t\t\t\t\t\t<div class=\"elementor-image-gallery\">\n\t\t\t<div id='gallery-1' class='gallery galleryid-4557 gallery-columns-2 gallery-size-2048x2048'><figure class='gallery-item'>\n\t\t\t<div class='gallery-icon landscape'>\n\t\t\t\t<a data-elementor-open-lightbox=\"yes\" data-elementor-lightbox-slideshow=\"ecee461\" data-elementor-lightbox-title=\"Dom-zanurzony-w-lesie-1\" data-e-action-hash=\"#elementor-action%3Aaction%3Dlightbox%26settings%3DeyJpZCI6NDU2MiwidXJsIjoiaHR0cHM6XC9cL3N5enlneS1zdHVkaW8ucGxcL3dwLWNvbnRlbnRcL3VwbG9hZHNcLzIwMjRcLzA0XC9Eb20temFudXJ6b255LXctbGVzaWUtMS5qcGciLCJzbGlkZXNob3ciOiJlY2VlNDYxIn0%3D\" href='https:\/\/syzygy-studio.pl\/wp-content\/uploads\/2024\/04\/Dom-zanurzony-w-lesie-1.jpg'><img decoding=\"async\" width=\"1600\" height=\"900\" src=\"https:\/\/syzygy-studio.pl\/wp-content\/uploads\/2024\/04\/Dom-zanurzony-w-lesie-1.jpg\" class=\"attachment-2048x2048 size-2048x2048\" alt=\"\" srcset=\"https:\/\/syzygy-studio.pl\/wp-content\/uploads\/2024\/04\/Dom-zanurzony-w-lesie-1.jpg 1600w, https:\/\/syzygy-studio.pl\/wp-content\/uploads\/2024\/04\/Dom-zanurzony-w-lesie-1-300x169.jpg 300w, https:\/\/syzygy-studio.pl\/wp-content\/uploads\/2024\/04\/Dom-zanurzony-w-lesie-1-1024x576.jpg 1024w, https:\/\/syzygy-studio.pl\/wp-content\/uploads\/2024\/04\/Dom-zanurzony-w-lesie-1-768x432.jpg 768w, https:\/\/syzygy-studio.pl\/wp-content\/uploads\/2024\/04\/Dom-zanurzony-w-lesie-1-1536x864.jpg 1536w\" sizes=\"(max-width: 1600px) 100vw, 1600px\" \/><\/a>\n\t\t\t<\/div><\/figure><figure class='gallery-item'>\n\t\t\t<div class='gallery-icon landscape'>\n\t\t\t\t<a data-elementor-open-lightbox=\"yes\" data-elementor-lightbox-slideshow=\"ecee461\" data-elementor-lightbox-title=\"Dom-zanurzony-w-lesie-3\" data-e-action-hash=\"#elementor-action%3Aaction%3Dlightbox%26settings%3DeyJpZCI6NDU2NCwidXJsIjoiaHR0cHM6XC9cL3N5enlneS1zdHVkaW8ucGxcL3dwLWNvbnRlbnRcL3VwbG9hZHNcLzIwMjRcLzA0XC9Eb20temFudXJ6b255LXctbGVzaWUtMy5qcGciLCJzbGlkZXNob3ciOiJlY2VlNDYxIn0%3D\" href='https:\/\/syzygy-studio.pl\/wp-content\/uploads\/2024\/04\/Dom-zanurzony-w-lesie-3.jpg'><img decoding=\"async\" width=\"1600\" height=\"900\" src=\"https:\/\/syzygy-studio.pl\/wp-content\/uploads\/2024\/04\/Dom-zanurzony-w-lesie-3.jpg\" class=\"attachment-2048x2048 size-2048x2048\" alt=\"\" srcset=\"https:\/\/syzygy-studio.pl\/wp-content\/uploads\/2024\/04\/Dom-zanurzony-w-lesie-3.jpg 1600w, https:\/\/syzygy-studio.pl\/wp-content\/uploads\/2024\/04\/Dom-zanurzony-w-lesie-3-300x169.jpg 300w, https:\/\/syzygy-studio.pl\/wp-content\/uploads\/2024\/04\/Dom-zanurzony-w-lesie-3-1024x576.jpg 1024w, https:\/\/syzygy-studio.pl\/wp-content\/uploads\/2024\/04\/Dom-zanurzony-w-lesie-3-768x432.jpg 768w, https:\/\/syzygy-studio.pl\/wp-content\/uploads\/2024\/04\/Dom-zanurzony-w-lesie-3-1536x864.jpg 1536w\" sizes=\"(max-width: 1600px) 100vw, 1600px\" \/><\/a>\n\t\t\t<\/div><\/figure><figure class='gallery-item'>\n\t\t\t<div class='gallery-icon landscape'>\n\t\t\t\t<a data-elementor-open-lightbox=\"yes\" data-elementor-lightbox-slideshow=\"ecee461\" data-elementor-lightbox-title=\"Do,m-zanurzony-w-lesie-6\" data-e-action-hash=\"#elementor-action%3Aaction%3Dlightbox%26settings%3DeyJpZCI6NDU2NywidXJsIjoiaHR0cHM6XC9cL3N5enlneS1zdHVkaW8ucGxcL3dwLWNvbnRlbnRcL3VwbG9hZHNcLzIwMjRcLzA0XC9Eb20temFudXJ6b255LXctbGVzaWUtNi5qcGciLCJzbGlkZXNob3ciOiJlY2VlNDYxIn0%3D\" href='https:\/\/syzygy-studio.pl\/wp-content\/uploads\/2024\/04\/Dom-zanurzony-w-lesie-6.jpg'><img loading=\"lazy\" decoding=\"async\" width=\"1600\" height=\"900\" src=\"https:\/\/syzygy-studio.pl\/wp-content\/uploads\/2024\/04\/Dom-zanurzony-w-lesie-6.jpg\" class=\"attachment-2048x2048 size-2048x2048\" alt=\"\" srcset=\"https:\/\/syzygy-studio.pl\/wp-content\/uploads\/2024\/04\/Dom-zanurzony-w-lesie-6.jpg 1600w, https:\/\/syzygy-studio.pl\/wp-content\/uploads\/2024\/04\/Dom-zanurzony-w-lesie-6-300x169.jpg 300w, https:\/\/syzygy-studio.pl\/wp-content\/uploads\/2024\/04\/Dom-zanurzony-w-lesie-6-1024x576.jpg 1024w, https:\/\/syzygy-studio.pl\/wp-content\/uploads\/2024\/04\/Dom-zanurzony-w-lesie-6-768x432.jpg 768w, https:\/\/syzygy-studio.pl\/wp-content\/uploads\/2024\/04\/Dom-zanurzony-w-lesie-6-1536x864.jpg 1536w\" sizes=\"(max-width: 1600px) 100vw, 1600px\" \/><\/a>\n\t\t\t<\/div><\/figure><figure class='gallery-item'>\n\t\t\t<div class='gallery-icon landscape'>\n\t\t\t\t<a data-elementor-open-lightbox=\"yes\" data-elementor-lightbox-slideshow=\"ecee461\" data-elementor-lightbox-title=\"Dom-zanurzony-w-lesie-2\" data-e-action-hash=\"#elementor-action%3Aaction%3Dlightbox%26settings%3DeyJpZCI6NDU2MywidXJsIjoiaHR0cHM6XC9cL3N5enlneS1zdHVkaW8ucGxcL3dwLWNvbnRlbnRcL3VwbG9hZHNcLzIwMjRcLzA0XC9Eb20temFudXJ6b255LXctbGVzaWUtMi5qcGciLCJzbGlkZXNob3ciOiJlY2VlNDYxIn0%3D\" href='https:\/\/syzygy-studio.pl\/wp-content\/uploads\/2024\/04\/Dom-zanurzony-w-lesie-2.jpg'><img loading=\"lazy\" decoding=\"async\" width=\"1600\" height=\"900\" src=\"https:\/\/syzygy-studio.pl\/wp-content\/uploads\/2024\/04\/Dom-zanurzony-w-lesie-2.jpg\" class=\"attachment-2048x2048 size-2048x2048\" alt=\"\" srcset=\"https:\/\/syzygy-studio.pl\/wp-content\/uploads\/2024\/04\/Dom-zanurzony-w-lesie-2.jpg 1600w, https:\/\/syzygy-studio.pl\/wp-content\/uploads\/2024\/04\/Dom-zanurzony-w-lesie-2-300x169.jpg 300w, https:\/\/syzygy-studio.pl\/wp-content\/uploads\/2024\/04\/Dom-zanurzony-w-lesie-2-1024x576.jpg 1024w, https:\/\/syzygy-studio.pl\/wp-content\/uploads\/2024\/04\/Dom-zanurzony-w-lesie-2-768x432.jpg 768w, https:\/\/syzygy-studio.pl\/wp-content\/uploads\/2024\/04\/Dom-zanurzony-w-lesie-2-1536x864.jpg 1536w\" sizes=\"(max-width: 1600px) 100vw, 1600px\" \/><\/a>\n\t\t\t<\/div><\/figure>\n\t\t<\/div>\n\t\t<\/div>\n\t\t\t\t\t\t<\/div>\n\t\t\t\t<\/div>\n\t\t\t\t\t<\/div>\n\t\t<\/div>\n\t\t\t\t\t<\/div>\n\t\t<\/section>\n\t\t\t\t<section class=\"elementor-section elementor-top-section elementor-element elementor-element-1e0d3e5 elementor-section-boxed elementor-section-height-default elementor-section-height-default\" data-id=\"1e0d3e5\" data-element_type=\"section\" data-e-type=\"section\">\n\t\t\t\t\t\t<div class=\"elementor-container elementor-column-gap-default\">\n\t\t\t\t\t<div class=\"elementor-column elementor-col-100 elementor-top-column elementor-element elementor-element-a12842c\" data-id=\"a12842c\" data-element_type=\"column\" data-e-type=\"column\">\n\t\t\t<div class=\"elementor-widget-wrap elementor-element-populated\">\n\t\t\t\t\t\t<div class=\"elementor-element elementor-element-42cbeff elementor-widget elementor-widget-text-editor\" data-id=\"42cbeff\" data-element_type=\"widget\" data-e-type=\"widget\" data-widget_type=\"text-editor.default\">\n\t\t\t\t<div class=\"elementor-widget-container\">\n\t\t\t\t\t\t\t\t\t<h5><span style=\"font-family: uni-sans-regular; font-size: 10pt;\">Inspiracj\u0105 dla samej architektury sta\u0142y si\u0119 g\u0142azy. Rozrzucone i pozostawione samotnie w lesie, o prostych liniach, dynamicznych kszta\u0142tach i szorstkiej powierzchni, sta\u0142y si\u0119 swoistym alfabetem, z kt\u00f3rego architekci odtworzyli j\u0119zyk wizualnej komunikacji z otoczeniem. Dzi\u0119ki temu budynek zyska\u0142 sw\u00f3j surowy i ponadczasowy wyraz, pe\u0142ny g\u0142\u0119bi i charakteru.<\/span><\/h5><section data-id=\"6bbab5c\" data-element_type=\"section\"><div><div data-id=\"8c10115\" data-element_type=\"column\"><div><div data-id=\"ecee461\" data-element_type=\"widget\" data-widget_type=\"image-gallery.default\"><div><div><div id=\"gallery-1\"><figure><h5>\u00a0<\/h5><\/figure><\/div><\/div><\/div><\/div><\/div><\/div><\/div><\/section>\t\t\t\t\t\t\t\t<\/div>\n\t\t\t\t<\/div>\n\t\t\t\t\t<\/div>\n\t\t<\/div>\n\t\t\t\t\t<\/div>\n\t\t<\/section>\n\t\t\t\t<section class=\"elementor-section elementor-top-section elementor-element elementor-element-dae9c74 elementor-section-boxed elementor-section-height-default elementor-section-height-default\" data-id=\"dae9c74\" data-element_type=\"section\" data-e-type=\"section\">\n\t\t\t\t\t\t<div class=\"elementor-container elementor-column-gap-default\">\n\t\t\t\t\t<div class=\"elementor-column elementor-col-100 elementor-top-column elementor-element elementor-element-321d8e4\" data-id=\"321d8e4\" data-element_type=\"column\" data-e-type=\"column\">\n\t\t\t<div class=\"elementor-widget-wrap elementor-element-populated\">\n\t\t\t\t\t\t<div class=\"elementor-element elementor-element-c857fe4 elementor-widget elementor-widget-image\" data-id=\"c857fe4\" data-element_type=\"widget\" data-e-type=\"widget\" data-widget_type=\"image.default\">\n\t\t\t\t<div class=\"elementor-widget-container\">\n\t\t\t\t\t\t\t\t\t\t\t\t\t\t\t<img loading=\"lazy\" decoding=\"async\" width=\"1600\" height=\"900\" src=\"https:\/\/syzygy-studio.pl\/wp-content\/uploads\/2024\/04\/Dom-zanurzony-w-lesie-5.jpg\" class=\"attachment-full size-full wp-image-4583\" alt=\"\" srcset=\"https:\/\/syzygy-studio.pl\/wp-content\/uploads\/2024\/04\/Dom-zanurzony-w-lesie-5.jpg 1600w, https:\/\/syzygy-studio.pl\/wp-content\/uploads\/2024\/04\/Dom-zanurzony-w-lesie-5-300x169.jpg 300w, https:\/\/syzygy-studio.pl\/wp-content\/uploads\/2024\/04\/Dom-zanurzony-w-lesie-5-1024x576.jpg 1024w, https:\/\/syzygy-studio.pl\/wp-content\/uploads\/2024\/04\/Dom-zanurzony-w-lesie-5-768x432.jpg 768w, https:\/\/syzygy-studio.pl\/wp-content\/uploads\/2024\/04\/Dom-zanurzony-w-lesie-5-1536x864.jpg 1536w\" sizes=\"(max-width: 1600px) 100vw, 1600px\" \/>\t\t\t\t\t\t\t\t\t\t\t\t\t\t\t<\/div>\n\t\t\t\t<\/div>\n\t\t\t\t\t<\/div>\n\t\t<\/div>\n\t\t\t\t\t<\/div>\n\t\t<\/section>\n\t\t\t\t<\/div>\n\t\t","protected":false},"excerpt":{"rendered":"<p>DOM ZANURZONY W LESIE Autor : Piotr Cieplucha Kategoria : Architektura\u00a0 Inwestor : Prywatny Powierzchnia : 230m2 Lokalizacja : \u0141\u00f3d\u017a Rok : 2021 Pomys\u0142 na ten wyj\u0105tkowy dom zrodzi\u0142 si\u0119 z inspiracji otaczaj\u0105cego krajobrazu &#8211; g\u0119stego lasu, kt\u00f3rego pi\u0119kno i spok\u00f3j zawsze fascynowa\u0142y w\u0142a\u015bcicieli. Architekci SYZYGY-STUDIO postanowili stworzy\u0107 budynek, kt\u00f3ry nie tylko spe\u0142nia funkcjonalne potrzeby [&hellip;]<\/p>\n","protected":false},"author":1,"featured_media":0,"parent":0,"menu_order":0,"comment_status":"closed","ping_status":"closed","template":"","meta":{"site-sidebar-layout":"no-sidebar","site-content-layout":"page-builder","ast-site-content-layout":"full-width-container","site-content-style":"default","site-sidebar-style":"default","ast-global-header-display":"","ast-banner-title-visibility":"","ast-main-header-display":"","ast-hfb-above-header-display":"","ast-hfb-below-header-display":"","ast-hfb-mobile-header-display":"","site-post-title":"disabled","ast-breadcrumbs-content":"","ast-featured-img":"disabled","footer-sml-layout":"","ast-disable-related-posts":"","theme-transparent-header-meta":"","adv-header-id-meta":"","stick-header-meta":"","header-above-stick-meta":"","header-main-stick-meta":"","header-below-stick-meta":"","astra-migrate-meta-layouts":"set","ast-page-background-enabled":"default","ast-page-background-meta":{"desktop":{"background-color":"var(--ast-global-color-4)","background-image":"","background-repeat":"repeat","background-position":"center center","background-size":"auto","background-attachment":"scroll","background-type":"","background-media":"","overlay-type":"","overlay-color":"","overlay-opacity":"","overlay-gradient":""},"tablet":{"background-color":"","background-image":"","background-repeat":"repeat","background-position":"center center","background-size":"auto","background-attachment":"scroll","background-type":"","background-media":"","overlay-type":"","overlay-color":"","overlay-opacity":"","overlay-gradient":""},"mobile":{"background-color":"","background-image":"","background-repeat":"repeat","background-position":"center center","background-size":"auto","background-attachment":"scroll","background-type":"","background-media":"","overlay-type":"","overlay-color":"","overlay-opacity":"","overlay-gradient":""}},"ast-content-background-meta":{"desktop":{"background-color":"var(--ast-global-color-5)","background-image":"","background-repeat":"repeat","background-position":"center center","background-size":"auto","background-attachment":"scroll","background-type":"","background-media":"","overlay-type":"","overlay-color":"","overlay-opacity":"","overlay-gradient":""},"tablet":{"background-color":"var(--ast-global-color-5)","background-image":"","background-repeat":"repeat","background-position":"center center","background-size":"auto","background-attachment":"scroll","background-type":"","background-media":"","overlay-type":"","overlay-color":"","overlay-opacity":"","overlay-gradient":""},"mobile":{"background-color":"var(--ast-global-color-5)","background-image":"","background-repeat":"repeat","background-position":"center center","background-size":"auto","background-attachment":"scroll","background-type":"","background-media":"","overlay-type":"","overlay-color":"","overlay-opacity":"","overlay-gradient":""}},"ngg_post_thumbnail":0,"footnotes":""},"class_list":["post-4557","page","type-page","status-publish","hentry"],"_links":{"self":[{"href":"https:\/\/syzygy-studio.pl\/index.php\/wp-json\/wp\/v2\/pages\/4557","targetHints":{"allow":["GET"]}}],"collection":[{"href":"https:\/\/syzygy-studio.pl\/index.php\/wp-json\/wp\/v2\/pages"}],"about":[{"href":"https:\/\/syzygy-studio.pl\/index.php\/wp-json\/wp\/v2\/types\/page"}],"author":[{"embeddable":true,"href":"https:\/\/syzygy-studio.pl\/index.php\/wp-json\/wp\/v2\/users\/1"}],"replies":[{"embeddable":true,"href":"https:\/\/syzygy-studio.pl\/index.php\/wp-json\/wp\/v2\/comments?post=4557"}],"version-history":[{"count":0,"href":"https:\/\/syzygy-studio.pl\/index.php\/wp-json\/wp\/v2\/pages\/4557\/revisions"}],"wp:attachment":[{"href":"https:\/\/syzygy-studio.pl\/index.php\/wp-json\/wp\/v2\/media?parent=4557"}],"curies":[{"name":"wp","href":"https:\/\/api.w.org\/{rel}","templated":true}]}}